{"id":15,"date":"2013-11-26T19:26:09","date_gmt":"2013-11-26T18:26:09","guid":{"rendered":"http:\/\/aumonerielfsa.free.fr\/wordpress\/?page_id=15"},"modified":"2019-10-10T10:04:35","modified_gmt":"2019-10-10T09:04:35","slug":"15-2","status":"publish","type":"page","link":"https:\/\/aumonerie.rivesducosson45.fr\/?page_id=15","title":{"rendered":"a propos"},"content":{"rendered":"<p style=\"margin-top: 0px; color: #000000; font-family: Verdana, Geneva, Sans, sans-serif; font-size: 13px; line-height: 18.1875px;\">Ce site est r\u00e9alis\u00e9 par les jeunes de\u00a0l\u2019aum\u00f4nerie, l\u2019adulte encadrant les jeunes est une aide technique et contr\u00f4le\u00a0les photos pour \u00e9viter celles qui pourraient \u00eatre g\u00eanantes.<\/p>\n<p style=\"margin-top: 0px; color: #000000; font-family: Verdana, Geneva, Sans, sans-serif; font-size: 13px; line-height: 18.1875px;\">Par contre les textes sont g\u00e9n\u00e9ralement\u00a0des jeunes afin de respecter leur vocabulaire et leurs tournures\u00a0de phrases.<\/p>\n<p style=\"margin-top: 0px; color: #000000; font-family: Verdana, Geneva, Sans, sans-serif; font-size: 13px; line-height: 18.1875px;\">Pour toute remarque sur le site \u00e9crire \u00e0 l\u2019adresse courrier \u00e9lectronique : aumonerierdc@free.fr<\/p>\n<p style=\"color: #000000; font-family: 'Times New Roman'; font-size: medium; line-height: normal;\">Pour tous renseignements concernant le fonctionnement de l\u2019aum\u00f4nerie contacter\u00a0:<\/p>\n<p style=\"color: #000000; font-family: 'Times New Roman'; font-size: medium; line-height: normal;\">Yvette\u00a0BRETON 02 38 64 68 22<\/p>\n<p style=\"color: #000000; font-family: 'Times New Roman'; font-size: medium; line-height: normal;\">Marie-Pierre LOUBAT 02 38 76 94 64<\/p>\n<p style=\"color: #000000; font-family: 'Times New Roman'; font-size: medium; line-height: normal;\">Hubert TALLON 02 38 64 65 04<\/p>\n","protected":false},"excerpt":{"rendered":"<p>Ce site est r\u00e9alis\u00e9 par les jeunes de\u00a0l\u2019aum\u00f4nerie, l\u2019adulte encadrant les jeunes est une aide technique et contr\u00f4le\u00a0les photos pour \u00e9viter celles qui pourraient \u00eatre g\u00eanantes. Par contre les textes sont g\u00e9n\u00e9ralement\u00a0des jeunes afin de respecter leur vocabulaire et leurs &hellip; <a href=\"https:\/\/aumonerie.rivesducosson45.fr\/?page_id=15\">Continuer la lecture <span class=\"meta-nav\">&rarr;<\/span><\/a><\/p>\n","protected":false},"author":1,"featured_media":0,"parent":0,"menu_order":4,"comment_status":"closed","ping_status":"closed","template":"sidebar-page.php","meta":[],"_links":{"self":[{"href":"https:\/\/aumonerie.rivesducosson45.fr\/index.php?rest_route=\/wp\/v2\/pages\/15"}],"collection":[{"href":"https:\/\/aumonerie.rivesducosson45.fr\/index.php?rest_route=\/wp\/v2\/pages"}],"about":[{"href":"https:\/\/aumonerie.rivesducosson45.fr\/index.php?rest_route=\/wp\/v2\/types\/page"}],"author":[{"embeddable":true,"href":"https:\/\/aumonerie.rivesducosson45.fr\/index.php?rest_route=\/wp\/v2\/users\/1"}],"replies":[{"embeddable":true,"href":"https:\/\/aumonerie.rivesducosson45.fr\/index.php?rest_route=%2Fwp%2Fv2%2Fcomments&post=15"}],"version-history":[{"count":4,"href":"https:\/\/aumonerie.rivesducosson45.fr\/index.php?rest_route=\/wp\/v2\/pages\/15\/revisions"}],"predecessor-version":[{"id":779,"href":"https:\/\/aumonerie.rivesducosson45.fr\/index.php?rest_route=\/wp\/v2\/pages\/15\/revisions\/779"}],"wp:attachment":[{"href":"https:\/\/aumonerie.rivesducosson45.fr\/index.php?rest_route=%2Fwp%2Fv2%2Fmedia&parent=15"}],"curies":[{"name":"wp","href":"https:\/\/api.w.org\/{rel}","templated":true}]}}