{"id":593,"date":"2021-03-01T11:14:15","date_gmt":"2021-03-01T10:14:15","guid":{"rendered":"http:\/\/aumonerielfsa.free.fr\/wordpress\/?page_id=593"},"modified":"2021-03-11T10:49:44","modified_gmt":"2021-03-11T09:49:44","slug":"premiere-rencontre-2021","status":"publish","type":"page","link":"https:\/\/aumonerie.rivesducosson45.fr\/","title":{"rendered":"Premi\u00e8re rencontre 2021"},"content":{"rendered":"<p>N&rsquo;ayant pu faire une rentr\u00e9e en d\u00e9but d&rsquo;ann\u00e9e scolaire notre premi\u00e8re rencontre \u00e0 eu lieu le 13 f\u00e9vrier \u00e0 l&rsquo;\u00e9glise Saint Michel \u00e0 la Fert\u00e9.<\/p>\n<p>Nous avons r\u00e9fl\u00e9chi sur les libert\u00e9s perdues a cause du virus puis nous avons \u00e9chang\u00e9 sur la chanson d&rsquo;Amir \u00ab\u00a0On Dirait\u00a0\u00bb apr\u00e8s avoir regard\u00e9 le clip.<\/p>\n<p>Notre r\u00e9union s&rsquo;est termin\u00e9e par une messe.<\/p>\n<p>&nbsp;<\/p>\n","protected":false},"excerpt":{"rendered":"<p>N&rsquo;ayant pu faire une rentr\u00e9e en d\u00e9but d&rsquo;ann\u00e9e scolaire notre premi\u00e8re rencontre \u00e0 eu lieu le 13 f\u00e9vrier \u00e0 l&rsquo;\u00e9glise Saint Michel \u00e0 la Fert\u00e9. Nous avons r\u00e9fl\u00e9chi sur les libert\u00e9s perdues a cause du virus puis nous avons \u00e9chang\u00e9 &hellip; <a href=\"https:\/\/aumonerie.rivesducosson45.fr\/\">Continuer la lecture <span class=\"meta-nav\">&rarr;<\/span><\/a><\/p>\n","protected":false},"author":1,"featured_media":0,"parent":0,"menu_order":0,"comment_status":"closed","ping_status":"closed","template":"sidebar-page.php","meta":[],"_links":{"self":[{"href":"https:\/\/aumonerie.rivesducosson45.fr\/index.php?rest_route=\/wp\/v2\/pages\/593"}],"collection":[{"href":"https:\/\/aumonerie.rivesducosson45.fr\/index.php?rest_route=\/wp\/v2\/pages"}],"about":[{"href":"https:\/\/aumonerie.rivesducosson45.fr\/index.php?rest_route=\/wp\/v2\/types\/page"}],"author":[{"embeddable":true,"href":"https:\/\/aumonerie.rivesducosson45.fr\/index.php?rest_route=\/wp\/v2\/users\/1"}],"replies":[{"embeddable":true,"href":"https:\/\/aumonerie.rivesducosson45.fr\/index.php?rest_route=%2Fwp%2Fv2%2Fcomments&post=593"}],"version-history":[{"count":9,"href":"https:\/\/aumonerie.rivesducosson45.fr\/index.php?rest_route=\/wp\/v2\/pages\/593\/revisions"}],"predecessor-version":[{"id":909,"href":"https:\/\/aumonerie.rivesducosson45.fr\/index.php?rest_route=\/wp\/v2\/pages\/593\/revisions\/909"}],"wp:attachment":[{"href":"https:\/\/aumonerie.rivesducosson45.fr\/index.php?rest_route=%2Fwp%2Fv2%2Fmedia&parent=593"}],"curies":[{"name":"wp","href":"https:\/\/api.w.org\/{rel}","templated":true}]}}