{"id":6,"date":"2013-11-25T14:53:36","date_gmt":"2013-11-25T13:53:36","guid":{"rendered":"http:\/\/aumonerielfsa.free.fr\/wordpress\/?page_id=2"},"modified":"2019-10-10T09:56:08","modified_gmt":"2019-10-10T08:56:08","slug":"page-d-exemple-2","status":"publish","type":"page","link":"https:\/\/aumonerie.rivesducosson45.fr\/?page_id=6","title":{"rendered":"accueil"},"content":{"rendered":"<p style=\"color: #000000; font-family: 'Times New Roman'; font-size: medium; line-height: normal;\"><strong>Sur le site de l\u2019aum\u00f4nerie du Groupement Rives du Cosson<\/strong><\/p>\n<p style=\"color: #000000; font-family: 'Times New Roman'; font-size: medium; line-height: normal;\">Ce site vous permettra de conna\u00eetre les activit\u00e9s et la vie \u00e0 l\u2019Aum\u00f4nerie.<\/p>\n<p style=\"color: #000000; font-family: 'Times New Roman'; font-size: medium; line-height: normal;\"><strong>Qu\u2019est-ce que l\u2019aum\u00f4nerie\u00a0?<\/strong><\/p>\n<p style=\"color: #000000; font-family: 'Times New Roman'; font-size: medium; line-height: normal;\">L\u2019aum\u00f4nerie accueille des jeunes coll\u00e9giens (\u00e0 partir de 12 ans) et des lyc\u00e9ens (qui peuvent aider les animateurs) afin de leur permettre de reffl\u00e9chir sur leur foi et de l\u2019approfondir en proposant lors de r\u00e9union, un vendredi par mois de 18h \u00e0 22h, diff\u00e9rentes activit\u00e9s comprenant des temps de r\u00e9flexions, d\u2019\u00e9changes et de pri\u00e8res puis des ateliers th\u00e9\u00e2tre et informatique.<\/p>\n<p style=\"color: #000000; font-family: 'Times New Roman'; font-size: medium; line-height: normal;\"><strong>Pourquoi viens-tu \u00e0 l\u2019Aumonerie\u00a0? Qu\u2019est-ce que tu y trouves\u00a0?<\/strong><\/p>\n<p style=\"color: #000000; font-family: 'Times New Roman'; font-size: medium; line-height: normal;\">Je viens \u00e0 l\u2019Aumonerie pour conna\u00eetre J\u00e9sus , j\u2019y trouve l\u2019amour de Dieu.<\/p>\n<p style=\"color: #000000; font-family: 'Times New Roman'; font-size: medium; line-height: normal;\">Je viens \u00e0 l\u00a0\u00bbAumonerie pour apprendre \u00e0 mieux conna\u00eetre Dieu et j\u2019apprends \u00e0 mieux respecter les autres.<\/p>\n<p style=\"color: #000000; font-family: 'Times New Roman'; font-size: medium; line-height: normal;\">Je viens \u00e0 l\u2019Aumonerie car j\u2019aime retrouver mes amis faire du th\u00e9\u00e2tre. Et j\u2019y trouve une bonne ambiance.<\/p>\n<p style=\"color: #000000; font-family: 'Times New Roman'; font-size: medium; line-height: normal;\">Je viens \u00e0 L\u2019Aumonerie car les temps de pri\u00e8re sont biens, et l\u2019ambiance est sympa. J\u2019y trouve de l\u2019amiti\u00e9, de l\u2019\u00e9coute et de la compr\u00e9hension.<\/p>\n<p style=\"color: #000000; font-family: 'Times New Roman'; font-size: medium; line-height: normal;\">J\u2019y viens pour rencontrer des gens pour me faire de nouveaux amis et \u00e9largir ma foi. On y trouve une bonne ambiance<\/p>\n<p style=\"color: #000000; font-family: 'Times New Roman'; font-size: medium; line-height: normal;\">Je viens \u00e0 l\u2019Aumonerie pour montrer ma foi \u00e0 d\u2019autres personnes. de plus je peux passer du temps avec mes amis. Je peux aussi avoir un moment de recueillement avec moi et le Seigneur.<\/p>\n","protected":false},"excerpt":{"rendered":"<p>Sur le site de l\u2019aum\u00f4nerie du Groupement Rives du Cosson Ce site vous permettra de conna\u00eetre les activit\u00e9s et la vie \u00e0 l\u2019Aum\u00f4nerie. Qu\u2019est-ce que l\u2019aum\u00f4nerie\u00a0? L\u2019aum\u00f4nerie accueille des jeunes coll\u00e9giens (\u00e0 partir de 12 ans) et des lyc\u00e9ens (qui &hellip; <a href=\"https:\/\/aumonerie.rivesducosson45.fr\/?page_id=6\">Continuer la lecture <span class=\"meta-nav\">&rarr;<\/span><\/a><\/p>\n","protected":false},"author":1,"featured_media":0,"parent":0,"menu_order":0,"comment_status":"closed","ping_status":"closed","template":"sidebar-page.php","meta":[],"_links":{"self":[{"href":"https:\/\/aumonerie.rivesducosson45.fr\/index.php?rest_route=\/wp\/v2\/pages\/6"}],"collection":[{"href":"https:\/\/aumonerie.rivesducosson45.fr\/index.php?rest_route=\/wp\/v2\/pages"}],"about":[{"href":"https:\/\/aumonerie.rivesducosson45.fr\/index.php?rest_route=\/wp\/v2\/types\/page"}],"author":[{"embeddable":true,"href":"https:\/\/aumonerie.rivesducosson45.fr\/index.php?rest_route=\/wp\/v2\/users\/1"}],"replies":[{"embeddable":true,"href":"https:\/\/aumonerie.rivesducosson45.fr\/index.php?rest_route=%2Fwp%2Fv2%2Fcomments&post=6"}],"version-history":[{"count":1,"href":"https:\/\/aumonerie.rivesducosson45.fr\/index.php?rest_route=\/wp\/v2\/pages\/6\/revisions"}],"predecessor-version":[{"id":775,"href":"https:\/\/aumonerie.rivesducosson45.fr\/index.php?rest_route=\/wp\/v2\/pages\/6\/revisions\/775"}],"wp:attachment":[{"href":"https:\/\/aumonerie.rivesducosson45.fr\/index.php?rest_route=%2Fwp%2Fv2%2Fmedia&parent=6"}],"curies":[{"name":"wp","href":"https:\/\/api.w.org\/{rel}","templated":true}]}}