{"id":723,"date":"2018-06-26T16:49:16","date_gmt":"2018-06-26T15:49:16","guid":{"rendered":"http:\/\/aumonerie.rivesducosson45.fr\/?page_id=723"},"modified":"2018-10-30T20:44:58","modified_gmt":"2018-10-30T19:44:58","slug":"rencontre-de-fin-dannee-2018","status":"publish","type":"page","link":"https:\/\/aumonerie.rivesducosson45.fr\/?page_id=723","title":{"rendered":"Rencontre de fin d&rsquo;ann\u00e9e 2018"},"content":{"rendered":"<p>Nous nous sommes retrouv\u00e9s samedi 23 juin \u00e0 16 heure pour notre derni\u00e8re rencontre de cette ann\u00e9e.<\/p>\n<p>Apr\u00e8s un go\u00fbter pris avec les jeunes du cat\u00e9chisme, les jeunes du cat\u00e9 sont all\u00e9s r\u00e9fl\u00e9chir de leur cot\u00e9, ceux de l&rsquo;aumonerie du leur sur le th\u00e8me \u00ab\u00a0J\u00e9sus est mon coach\u00a0\u00bb.<\/p>\n<p>Apr\u00e8s avoir regard\u00e9 une vid\u00e9o du t\u00e9moignage d&rsquo;un sportif suisse, nous avons \u00e9crit sur une feuille\u00a0comment J\u00e9sus me coache-t-il dans ma vie de tous les jours. Puis nous appris avons la gestuelle pour la chant d&rsquo;envoi \u00ab\u00a0Je suis dans la joie ( Glorius)\u00a0\u00bb pour la pr\u00e9senter lors du temps de pri\u00e8re qui a\u00a0eu lieu en l&rsquo;\u00c9glise Saint Michel en pr\u00e9sence de quelques paroisssiens, avant de partir nous avons \u00e9pingl\u00e9 dans notre dos un slogan \u00ab\u00a0J\u00e9sus is my coach\u00a0\u00bb et devant la feuille sur laquelle nous avions not\u00e9 les reponses \u00e0 la question comment J\u00e9sus est-il mon coach dans ma vie.<\/p>\n<p><a href=\"http:\/\/aumonerie.rivesducosson45.fr\/?page_id=727&amp;preview=true\">photos et vid\u00e9o temps de pri\u00e8re :<\/a><\/p>\n<p>Apr\u00e8s le temps de pri\u00e8re nous nous sommes retrouv\u00e9s au foyer avec des paroissiens\u00a0pour un diner buffet campagnard.<\/p>\n<p>&nbsp;<\/p>\n","protected":false},"excerpt":{"rendered":"<p>Nous nous sommes retrouv\u00e9s samedi 23 juin \u00e0 16 heure pour notre derni\u00e8re rencontre de cette ann\u00e9e. Apr\u00e8s un go\u00fbter pris avec les jeunes du cat\u00e9chisme, les jeunes du cat\u00e9 sont all\u00e9s r\u00e9fl\u00e9chir de leur cot\u00e9, ceux de l&rsquo;aumonerie du &hellip; <a href=\"https:\/\/aumonerie.rivesducosson45.fr\/?page_id=723\">Continuer la lecture <span class=\"meta-nav\">&rarr;<\/span><\/a><\/p>\n","protected":false},"author":1,"featured_media":0,"parent":138,"menu_order":0,"comment_status":"closed","ping_status":"closed","template":"sidebar-page.php","meta":[],"_links":{"self":[{"href":"https:\/\/aumonerie.rivesducosson45.fr\/index.php?rest_route=\/wp\/v2\/pages\/723"}],"collection":[{"href":"https:\/\/aumonerie.rivesducosson45.fr\/index.php?rest_route=\/wp\/v2\/pages"}],"about":[{"href":"https:\/\/aumonerie.rivesducosson45.fr\/index.php?rest_route=\/wp\/v2\/types\/page"}],"author":[{"embeddable":true,"href":"https:\/\/aumonerie.rivesducosson45.fr\/index.php?rest_route=\/wp\/v2\/users\/1"}],"replies":[{"embeddable":true,"href":"https:\/\/aumonerie.rivesducosson45.fr\/index.php?rest_route=%2Fwp%2Fv2%2Fcomments&post=723"}],"version-history":[{"count":7,"href":"https:\/\/aumonerie.rivesducosson45.fr\/index.php?rest_route=\/wp\/v2\/pages\/723\/revisions"}],"predecessor-version":[{"id":740,"href":"https:\/\/aumonerie.rivesducosson45.fr\/index.php?rest_route=\/wp\/v2\/pages\/723\/revisions\/740"}],"up":[{"embeddable":true,"href":"https:\/\/aumonerie.rivesducosson45.fr\/index.php?rest_route=\/wp\/v2\/pages\/138"}],"wp:attachment":[{"href":"https:\/\/aumonerie.rivesducosson45.fr\/index.php?rest_route=%2Fwp%2Fv2%2Fmedia&parent=723"}],"curies":[{"name":"wp","href":"https:\/\/api.w.org\/{rel}","templated":true}]}}