{"id":727,"date":"2018-06-26T16:51:04","date_gmt":"2018-06-26T15:51:04","guid":{"rendered":"http:\/\/aumonerie.rivesducosson45.fr\/?page_id=727"},"modified":"2018-06-26T16:59:24","modified_gmt":"2018-06-26T15:59:24","slug":"photos-et-video-temps-priere-fin-dannee","status":"publish","type":"page","link":"https:\/\/aumonerie.rivesducosson45.fr\/?page_id=727","title":{"rendered":"photos et vid\u00e9o temps pri\u00e8re fin d&rsquo;ann\u00e9e"},"content":{"rendered":"<p>\n\t<a href=\"http:\/\/aumonerie.rivesducosson45.fr\/wp-content\/uploads\/2018\/06\/20180623_184513.jpg\"><img loading=\"lazy\" alt=\"\" class=\"alignnone size-medium wp-image-720\" height=\"225\" src=\"http:\/\/aumonerie.rivesducosson45.fr\/wp-content\/uploads\/2018\/06\/20180623_184513-300x225.jpg\" width=\"300\" srcset=\"https:\/\/aumonerie.rivesducosson45.fr\/wp-content\/uploads\/2018\/06\/20180623_184513-300x225.jpg 300w, https:\/\/aumonerie.rivesducosson45.fr\/wp-content\/uploads\/2018\/06\/20180623_184513-768x576.jpg 768w, https:\/\/aumonerie.rivesducosson45.fr\/wp-content\/uploads\/2018\/06\/20180623_184513-1024x768.jpg 1024w, https:\/\/aumonerie.rivesducosson45.fr\/wp-content\/uploads\/2018\/06\/20180623_184513-400x300.jpg 400w\" sizes=\"(max-width: 300px) 100vw, 300px\" \/><\/a> <a href=\"http:\/\/aumonerie.rivesducosson45.fr\/wp-content\/uploads\/2018\/06\/20180623_184523.jpg\"><img loading=\"lazy\" alt=\"\" class=\"alignnone size-medium wp-image-721\" height=\"225\" src=\"http:\/\/aumonerie.rivesducosson45.fr\/wp-content\/uploads\/2018\/06\/20180623_184523-300x225.jpg\" width=\"300\" srcset=\"https:\/\/aumonerie.rivesducosson45.fr\/wp-content\/uploads\/2018\/06\/20180623_184523-300x225.jpg 300w, https:\/\/aumonerie.rivesducosson45.fr\/wp-content\/uploads\/2018\/06\/20180623_184523-768x576.jpg 768w, https:\/\/aumonerie.rivesducosson45.fr\/wp-content\/uploads\/2018\/06\/20180623_184523-1024x768.jpg 1024w, https:\/\/aumonerie.rivesducosson45.fr\/wp-content\/uploads\/2018\/06\/20180623_184523-400x300.jpg 400w\" sizes=\"(max-width: 300px) 100vw, 300px\" \/><\/a>\n<\/p>\n<div style=\"width: 584px;\" class=\"wp-video\"><!--[if lt IE 9]><script>document.createElement('video');<\/script><![endif]-->\n<video class=\"wp-video-shortcode\" id=\"video-727-1\" width=\"584\" height=\"438\" preload=\"metadata\" controls=\"controls\"><source type=\"video\/mp4\" src=\"http:\/\/aumonerie.rivesducosson45.fr\/wp-content\/uploads\/2018\/06\/fin-dann&eacute;e.mp4?_=1\" \/><a href=\"http:\/\/aumonerie.rivesducosson45.fr\/wp-content\/uploads\/2018\/06\/fin-dann&eacute;e.mp4\">http:\/\/aumonerie.rivesducosson45.fr\/wp-content\/uploads\/2018\/06\/fin-dann&eacute;e.mp4<\/a><\/video><\/div>\n","protected":false},"excerpt":{"rendered":"","protected":false},"author":1,"featured_media":0,"parent":0,"menu_order":0,"comment_status":"closed","ping_status":"closed","template":"","meta":[],"_links":{"self":[{"href":"https:\/\/aumonerie.rivesducosson45.fr\/index.php?rest_route=\/wp\/v2\/pages\/727"}],"collection":[{"href":"https:\/\/aumonerie.rivesducosson45.fr\/index.php?rest_route=\/wp\/v2\/pages"}],"about":[{"href":"https:\/\/aumonerie.rivesducosson45.fr\/index.php?rest_route=\/wp\/v2\/types\/page"}],"author":[{"embeddable":true,"href":"https:\/\/aumonerie.rivesducosson45.fr\/index.php?rest_route=\/wp\/v2\/users\/1"}],"replies":[{"embeddable":true,"href":"https:\/\/aumonerie.rivesducosson45.fr\/index.php?rest_route=%2Fwp%2Fv2%2Fcomments&post=727"}],"version-history":[{"count":1,"href":"https:\/\/aumonerie.rivesducosson45.fr\/index.php?rest_route=\/wp\/v2\/pages\/727\/revisions"}],"predecessor-version":[{"id":728,"href":"https:\/\/aumonerie.rivesducosson45.fr\/index.php?rest_route=\/wp\/v2\/pages\/727\/revisions\/728"}],"wp:attachment":[{"href":"https:\/\/aumonerie.rivesducosson45.fr\/index.php?rest_route=%2Fwp%2Fv2%2Fmedia&parent=727"}],"curies":[{"name":"wp","href":"https:\/\/api.w.org\/{rel}","templated":true}]}}