{"id":761,"date":"2019-01-24T12:07:36","date_gmt":"2019-01-24T11:07:36","guid":{"rendered":"http:\/\/aumonerie.rivesducosson45.fr\/?page_id=761"},"modified":"2019-02-05T09:58:47","modified_gmt":"2019-02-05T08:58:47","slug":"rencontre-de-janvier-2019","status":"publish","type":"page","link":"https:\/\/aumonerie.rivesducosson45.fr\/?page_id=761","title":{"rendered":"rencontre de janvier 2019"},"content":{"rendered":"\r\n<p>Nous nous sommes retrouv\u00e9s vendredi 17 janvier \u00e0 18 h notre th\u00e8me de r\u00e9flexion l&rsquo;amiti\u00e9.<br \/>Nous avons commenc\u00e9 par essayer de dite ce qu&rsquo;\u00e9tait l&rsquo;amiti\u00e9 pour nous.<br \/>Puis en petits groupes nous avons fait un jeu bas\u00e9 sur le jeu de l&rsquo;oie o\u00f9 suivant les cases nous devions faire certaines choses, apr\u00e8s le d\u00eener chacun a \u00e9crit une petite pri\u00e8re que nous avons lues pendant le temps de pri\u00e8re pour faire une pri\u00e8re commune :<\/p>\r\n\r\n\r\n\r\n<ul>\r\n<li>L&rsquo;amiti\u00e9 est essentielle dans la vie d&rsquo;un homme. Gr\u00e2ce \u00e0 elle , nous apprenons \u00e0 pardonner, \u00e0 \u00e9couter, \u00e0 faire confiance.<br \/>Alors merci Seigneur pour nous avoir donner toutes ces belles choses. Merci Seigneur pour nous permettre d\u2019apprendre tout les jours \u00e0 \u00eatre meilleures gr\u00e2ce \u00e0 l\u2019amiti\u00e9.<\/li>\r\n<li>Merci Seigneur, pour les moments de plaisir que tu m&rsquo;as apport\u00e9s via l&rsquo;amiti\u00e9. <br \/>Merci Seigneur de m\u2019avoir donn\u00e9 la force de dire pardon lorsque j\u2019avais un diff\u00e9rent avec des amis. Merci Seigneur.<\/li>\r\n<li>Aide nous Seigneur \u00e0 toujours garder nos amis, qui sont toujours l\u00e0 pour nous.<br \/>Merci de mettre des personnes aussi merveilleuses sur mon chemin.<\/li>\r\n<li>Merci Seigneur pour m\u2019avoir donn\u00e9 des amis en qui je peux avoir confiance, pardonne-moi pour avoir \u00e9t\u00e9 dur avec certains.<br \/>L\u2019Amiti\u00e9 et la confiance valent de l\u2019or.<\/li>\r\n<li>L\u2019amiti\u00e9 peut se partager, peut r\u00e9unir, et surtout elle est \u00e0 l\u2019\u00e9coute. Elle ne juge pas.<\/li>\r\n<li>L\u2019amiti\u00e9 est importante dans la vie\u00a0!<\/li>\r\n<li>L\u2019amiti\u00e9 c\u2019est deux personnes qui se font confiance entre elles et qui sont l\u00e0 quand on besoin d\u2019elles.<\/li>\r\n<li>L\u2019amiti\u00e9 est une occupation forte. Et pour ne pas s\u2019ennuyer il faut s\u2019occuper, gr\u00e2ce \u00e0 \u00e7a on a des amis.<\/li>\r\n<li>L\u2019amiti\u00e9 est merveilleuse.<\/li>\r\n<li>Merci Seigneur pour les personnes rencontr\u00e9es.<\/li>\r\n<li>On ne peut pas vivre sans ami.<\/li>\r\n<li>C\u2019est l\u2019amour.<\/li>\r\n<li>Merci Seigneur pour avoir partag\u00e9 mes go\u00fbts avec un autre.<\/li>\r\n<li>Prier pour que tout le monde est un ami dans le monde.<\/li>\r\n<li>Merci pour le soutient \u00e0 travers l\u2019amiti\u00e9.<\/li>\r\n<li>Hello, I love my friends very good.<\/li>\r\n<\/ul>\r\n\r\n\r\n\r\n\r\n\r\n<p>&nbsp;<\/p>\r\n\r\n\r\n\r\n<p>&nbsp;<\/p>\r\n\r\n\r\n\r\n<p>&nbsp;<\/p>\r\n\r\n\r\n\r\n<p>&nbsp;<\/p>\r\n\r\n\r\n\r\n<p>&nbsp;<\/p>\r\n","protected":false},"excerpt":{"rendered":"<p>Nous nous sommes retrouv\u00e9s vendredi 17 janvier \u00e0 18 h notre th\u00e8me de r\u00e9flexion l&rsquo;amiti\u00e9.Nous avons commenc\u00e9 par essayer de dite ce qu&rsquo;\u00e9tait l&rsquo;amiti\u00e9 pour nous.Puis en petits groupes nous avons fait un jeu bas\u00e9 sur le jeu de l&rsquo;oie &hellip; <a href=\"https:\/\/aumonerie.rivesducosson45.fr\/?page_id=761\">Continuer la lecture <span class=\"meta-nav\">&rarr;<\/span><\/a><\/p>\n","protected":false},"author":1,"featured_media":0,"parent":0,"menu_order":0,"comment_status":"closed","ping_status":"closed","template":"sidebar-page.php","meta":[],"_links":{"self":[{"href":"https:\/\/aumonerie.rivesducosson45.fr\/index.php?rest_route=\/wp\/v2\/pages\/761"}],"collection":[{"href":"https:\/\/aumonerie.rivesducosson45.fr\/index.php?rest_route=\/wp\/v2\/pages"}],"about":[{"href":"https:\/\/aumonerie.rivesducosson45.fr\/index.php?rest_route=\/wp\/v2\/types\/page"}],"author":[{"embeddable":true,"href":"https:\/\/aumonerie.rivesducosson45.fr\/index.php?rest_route=\/wp\/v2\/users\/1"}],"replies":[{"embeddable":true,"href":"https:\/\/aumonerie.rivesducosson45.fr\/index.php?rest_route=%2Fwp%2Fv2%2Fcomments&post=761"}],"version-history":[{"count":6,"href":"https:\/\/aumonerie.rivesducosson45.fr\/index.php?rest_route=\/wp\/v2\/pages\/761\/revisions"}],"predecessor-version":[{"id":773,"href":"https:\/\/aumonerie.rivesducosson45.fr\/index.php?rest_route=\/wp\/v2\/pages\/761\/revisions\/773"}],"wp:attachment":[{"href":"https:\/\/aumonerie.rivesducosson45.fr\/index.php?rest_route=%2Fwp%2Fv2%2Fmedia&parent=761"}],"curies":[{"name":"wp","href":"https:\/\/api.w.org\/{rel}","templated":true}]}}